{"id":323,"date":"2018-08-11T09:55:05","date_gmt":"2018-08-11T07:55:05","guid":{"rendered":"http:\/\/mietentscheid-frankfurt.de\/?page_id=323"},"modified":"2020-04-27T00:51:37","modified_gmt":"2020-04-26T22:51:37","slug":"unsere-forderungen","status":"publish","type":"page","link":"https:\/\/mietentscheid-frankfurt.de\/?page_id=323","title":{"rendered":"Unsere Forderung"},"content":{"rendered":"<p>[et_pb_section bb_built=&#8220;1&#8243; fullwidth=&#8220;on&#8220; _builder_version=&#8220;3.0.47&#8243; next_background_color=&#8220;#000000&#8243;][et_pb_fullwidth_header title=&#8220;Sind Sie daf\u00fcr, dass die Stadt Frankfurt am Main &#8230;&#8220; _builder_version=&#8220;3.5.1&#8243; title_text_color=&#8220;#fff164&#8243; button_one_text_size__hover_enabled=&#8220;off&#8220; button_one_text_size__hover=&#8220;null&#8220; button_two_text_size__hover_enabled=&#8220;off&#8220; button_two_text_size__hover=&#8220;null&#8220; button_one_text_color__hover_enabled=&#8220;off&#8220; button_one_text_color__hover=&#8220;null&#8220; button_two_text_color__hover_enabled=&#8220;off&#8220; button_two_text_color__hover=&#8220;null&#8220; button_one_border_width__hover_enabled=&#8220;off&#8220; button_one_border_width__hover=&#8220;null&#8220; button_two_border_width__hover_enabled=&#8220;off&#8220; button_two_border_width__hover=&#8220;null&#8220; button_one_border_color__hover_enabled=&#8220;off&#8220; button_one_border_color__hover=&#8220;null&#8220; button_two_border_color__hover_enabled=&#8220;off&#8220; button_two_border_color__hover=&#8220;null&#8220; button_one_border_radius__hover_enabled=&#8220;off&#8220; button_one_border_radius__hover=&#8220;null&#8220; button_two_border_radius__hover_enabled=&#8220;off&#8220; button_two_border_radius__hover=&#8220;null&#8220; button_one_letter_spacing__hover_enabled=&#8220;off&#8220; button_one_letter_spacing__hover=&#8220;null&#8220; button_two_letter_spacing__hover_enabled=&#8220;off&#8220; button_two_letter_spacing__hover=&#8220;null&#8220; button_one_bg_color__hover_enabled=&#8220;off&#8220; button_one_bg_color__hover=&#8220;null&#8220; button_two_bg_color__hover_enabled=&#8220;off&#8220; button_two_bg_color__hover=&#8220;null&#8220; \/][\/et_pb_section][et_pb_section bb_built=&#8220;1&#8243; _builder_version=&#8220;3.0.47&#8243; custom_padding=&#8220;0|0px|82px|0px|false|false&#8220; prev_background_color=&#8220;#000000&#8243;][et_pb_row _builder_version=&#8220;3.0.47&#8243; background_size=&#8220;initial&#8220; background_position=&#8220;top_left&#8220; background_repeat=&#8220;repeat&#8220;][et_pb_column type=&#8220;2_3&#8243;][et_pb_blurb content_max_width=&#8220;1100px&#8220; _builder_version=&#8220;3.5.1&#8243;]<\/p>\n<ol>\n<li>beschlie\u00dft, dass die ABG Frankfurt Holding im Wohnungsneubau ab dem 01.09.2019 zu 100% gef\u00f6rderten Wohnraum f\u00fcr geringe und mittlere Einkommensschichten schafft;<\/li>\n<li>beschlie\u00dft, dass die Mieten bei der ABG Frankfurt Holding ab dem 01.09.2019 f\u00fcr alle Bestandsmieterinnen und -mieter, die vom Einkommen her Anspruch auf eine Sozialwohnung haben, jedoch eine h\u00f6here Miete zahlen, auf maximal 6,50 Euro pro qm abgesenkt werden;<\/li>\n<li>beschlie\u00dft, dass die ABG Frankfurt Holding ab 01.09.2019<br \/>\nihre durch Mieterfluktuation frei werdenden freifinanzierten Wohnungen k\u00fcnftig zu den entsprechenden Preisniveaus und Belegungsbindungen des gef\u00f6rderten Wohnungsbaus vermietet, davon zwei Drittel analog zum derzeitigen Preisniveau des sozialen Wohnungsbaus von maximal 6,50 Euro pro qm und ein Drittel auf dem derzeitigen Preisniveau des \u201eFrankfurter Programms f\u00fcr den Neubau von bezahlbaren Mietwohnungen: F\u00f6rderweg 2\u201c (8,50 bis 10,50 Euro pro qm)?<\/li>\n<\/ol>\n<p>&nbsp;<\/p>\n<h3>BEGR\u00dcNDUNG<\/h3>\n<p>Seit Jahren steigen die Mieten in Frankfurt drastisch an und sind f\u00fcr Menschen mit kleinen und mittleren Einkommen kaum mehr bezahlbar. Gleichzeitig schwindet die Zahl an gef\u00f6rderten Wohnungen mit Preis- und Belegungsbindungen. Bei diesen sog. Sozialwohnungen handelt es sich um normale Wohnungen, deren Miete nur 5 bis 6,50 Euro pro Quadratmeter betragen darf (F\u00f6rderweg 1). W\u00e4hrend es Anfang der 1990er Jahre noch knapp 70.000 solcher Wohnungen in Frankfurt gab, sind es heute nur noch 26.190 (Amt f\u00fcr Wohnungswesen, Stand 2016). Das Darmst\u00e4dter Institut Wohnen und Umwelt hat ermittelt, dass 49% aller Frankfurter Miethaushalte vom Einkommen her Anspruch auf eine solche Sozialwohnung haben. Zus\u00e4tzlich haben 19% aller Mieter und Mieterinnen einen Anspruch auf eine Wohnung im Frankfurter Mittelschichtsprogramm f\u00fcr 8,50 bis 10,50 Euro pro Quadratmeter (F\u00f6rderweg 2). Von denen gibt es in Frankfurt derzeit aber nur 4.575 Wohneinheiten (Amt f\u00fcr Wohnungswesen, Stand 2016). Zusammengenommen sind 68% aller Frankfurter Miethaushalte vom Einkommen her berechtigt, eine gef\u00f6rderte Wohnung zu beziehen. Allerdings befinden sich aktuell nur 8,5% aller Wohnungen in einer solchen Preisbindung. Um die Verdr\u00e4ngung der Frankfurterinnen und Frankfurter mit geringen und mittleren Einkommen zu verhindern und bezahlbaren Wohnraum zu sichern, ist es daher aus unserer Sicht n\u00f6tig, deutlich mehr gef\u00f6rderte Wohnungen zu schaffen.<\/p>\n<p>&nbsp;<\/p>\n<h3>KOSTENDECKUNGSVORSCHLAG<\/h3>\n<h6>Kostensch\u00e4tzung:<\/h6>\n<p>112,7 Mio. Euro pro Jahr. Davon entfallen 91 Mio. Euro auf Ziel 1 (Erh\u00f6hung der kommunalen Wohnungsbauf\u00f6rdermittel f\u00fcr 1.000 zus\u00e4tzliche Wohnungen pro Jahr), 15,6 Mio. Euro auf Ziel 2 und 6,1 Mio. Euro auf Ziel 3. Weitere Folgekosten fallen nicht an.<\/p>\n<h6>Finanzierungsvorschlag:<\/h6>\n<p>Die Finanzierung von Ziel 1 soll erfolgen durch eine Erh\u00f6hung des Gewerbesteuerhebesatzes von derzeit 460 v.H. auf 490 v.H., wodurch Einnahmen in H\u00f6he von 91 Mio. Euro pro Jahr generiert werden. Die Finanzierung von Ziel 2 und 3 soll erfolgen aus den Konzernjahres\u00fcbersch\u00fcssen der ABG Frankfurt Holding Jahres\u00fcberschuss 2017: 94,3 Mio. Euro).<\/p>\n<p>[\/et_pb_blurb][\/et_pb_column][et_pb_column type=&#8220;1_3&#8243;][et_pb_image _builder_version=&#8220;3.18.4&#8243; src=&#8220;https:\/\/mietentscheid-frankfurt.de\/wp-content\/uploads\/2020\/01\/Unterschriftenliste-Mietentscheid-1.png&#8220; url=&#8220;https:\/\/mietentscheid-frankfurt.de\/wp-content\/uploads\/2020\/01\/Unterschriftenliste-Mietentscheid.pdf&#8220; max_width=&#8220;85%&#8220; align=&#8220;center&#8220; \/][et_pb_blurb title=&#8220;Kontakt&#8220; _builder_version=&#8220;3.18.4&#8243; header_level=&#8220;h3&#8243; header_font=&#8220;OFFEBB|700|||||||&#8220; header_text_color=&#8220;#e53134&#8243; body_font_size=&#8220;17&#8243; background_color=&#8220;#fff164&#8243; border_radii_image=&#8220;on|5px|5px|5px|5px&#8220; border_width_top_image=&#8220;10px&#8220; border_color_top_image=&#8220;#ffe900&#8243; box_shadow_style_image=&#8220;preset2&#8243; custom_padding=&#8220;15px|15px|15px|15px&#8220; global_module=&#8220;569&#8243; saved_tabs=&#8220;all&#8220;]<\/p>\n<h3>Kontakt und Spenden:<\/h3>\n<div><strong>Mail:<\/strong> <a href=\"mailto:info@mietentscheid-frankfurt.de\">info@mietentscheid-frankfurt.de<\/a><\/div>\n<div>\u00a0<\/div>\n<div>Kontakt f\u00fcr <strong>PRESSEANFRAGEN:<\/strong><br \/>Alexis J. Passadakis, 0170-2684445 <br \/>oder Mail an: <a href=\"mailto:info@mietentscheid-frankfurt.de\">info@mietentscheid-frankfurt.de<\/a><\/div>\n<div>\u00a0<\/div>\n<div><strong>SPENDENKONTO:<\/strong><br \/>Dieter Fornoni \u2013 Mietentscheid Frankfurt<br \/>IBAN: DE87 4306 0967 6050 8674 00<br \/>GLS Bank<\/div>\n<p>[\/et_pb_blurb][et_pb_social_media_follow _builder_version=&#8220;3.5.1&#8243; saved_tabs=&#8220;all&#8220; global_module=&#8220;1201&#8243;][et_pb_social_media_follow_network _builder_version=&#8220;3.5.1&#8243; social_network=&#8220;facebook&#8220; skype_action=&#8220;call&#8220; url=&#8220;https:\/\/www.facebook.com\/Mietentscheid-Frankfurt-582696638773036\/&#8220; background_color=&#8220;#3b5998&#8243; use_background_color_gradient=&#8220;off&#8220; background_color_gradient_start=&#8220;#2b87da&#8220; background_color_gradient_end=&#8220;#29c4a9&#8243; background_color_gradient_type=&#8220;linear&#8220; background_color_gradient_direction=&#8220;180deg&#8220; background_color_gradient_direction_radial=&#8220;center&#8220; background_color_gradient_start_position=&#8220;0%&#8220; background_color_gradient_end_position=&#8220;100%&#8220; background_color_gradient_overlays_image=&#8220;off&#8220; parallax=&#8220;off&#8220; parallax_method=&#8220;on&#8220; background_size=&#8220;cover&#8220; background_position=&#8220;center&#8220; background_repeat=&#8220;no-repeat&#8220; background_blend=&#8220;normal&#8220; allow_player_pause=&#8220;off&#8220; background_video_pause_outside_viewport=&#8220;on&#8220; box_shadow_style=&#8220;none&#8220; custom_padding=&#8220;15px|15px|15px|15px&#8220; custom_padding_tablet=&#8220;15px|15px|15px|15px&#8220; custom_padding_phone=&#8220;15px|15px|15px|15px&#8220;] Facebook [\/et_pb_social_media_follow_network][et_pb_social_media_follow_network _builder_version=&#8220;3.5.1&#8243; skype_action=&#8220;call&#8220; url=&#8220;https:\/\/twitter.com\/mietentscheid&#8220; use_background_color_gradient=&#8220;off&#8220; background_color_gradient_start=&#8220;#2b87da&#8220; background_color_gradient_end=&#8220;#29c4a9&#8243; background_color_gradient_type=&#8220;linear&#8220; background_color_gradient_direction=&#8220;180deg&#8220; background_color_gradient_direction_radial=&#8220;center&#8220; background_color_gradient_start_position=&#8220;0%&#8220; background_color_gradient_end_position=&#8220;100%&#8220; background_color_gradient_overlays_image=&#8220;off&#8220; parallax=&#8220;off&#8220; parallax_method=&#8220;on&#8220; background_size=&#8220;cover&#8220; background_position=&#8220;center&#8220; background_repeat=&#8220;no-repeat&#8220; background_blend=&#8220;normal&#8220; allow_player_pause=&#8220;off&#8220; background_video_pause_outside_viewport=&#8220;on&#8220; box_shadow_style=&#8220;none&#8220; social_network=&#8220;twitter&#8220; background_color=&#8220;#00aced&#8220; custom_padding=&#8220;15px|15px|15px|15px&#8220; custom_padding_tablet=&#8220;15px|15px|15px|15px&#8220; custom_padding_phone=&#8220;15px|15px|15px|15px&#8220;] Twitter [\/et_pb_social_media_follow_network][et_pb_social_media_follow_network _builder_version=&#8220;3.5.1&#8243; social_network=&#8220;instagram&#8220; skype_action=&#8220;call&#8220; url=&#8220;https:\/\/www.instagram.com\/mietentscheid_frankfurt\/&#8220; background_color=&#8220;#ea2c59&#8243; use_background_color_gradient=&#8220;off&#8220; background_color_gradient_start=&#8220;#2b87da&#8220; background_color_gradient_end=&#8220;#29c4a9&#8243; background_color_gradient_type=&#8220;linear&#8220; background_color_gradient_direction=&#8220;180deg&#8220; background_color_gradient_direction_radial=&#8220;center&#8220; background_color_gradient_start_position=&#8220;0%&#8220; background_color_gradient_end_position=&#8220;100%&#8220; background_color_gradient_overlays_image=&#8220;off&#8220; parallax=&#8220;off&#8220; parallax_method=&#8220;on&#8220; background_size=&#8220;cover&#8220; background_position=&#8220;center&#8220; background_repeat=&#8220;no-repeat&#8220; background_blend=&#8220;normal&#8220; allow_player_pause=&#8220;off&#8220; background_video_pause_outside_viewport=&#8220;on&#8220; custom_padding=&#8220;15px|15px|15px|15px&#8220; custom_padding_tablet=&#8220;15px|15px|15px|15px&#8220; custom_padding_phone=&#8220;15px|15px|15px|15px&#8220; box_shadow_style=&#8220;none&#8220;] Instagram [\/et_pb_social_media_follow_network][et_pb_social_media_follow_network _builder_version=&#8220;3.5.1&#8243; social_network=&#8220;rss&#8220; skype_action=&#8220;call&#8220; url=&#8220;https:\/\/mietentscheid-frankfurt.de\/?feed=rss2&#8243; background_color=&#8220;#ff8a3c&#8220; use_background_color_gradient=&#8220;off&#8220; background_color_gradient_start=&#8220;#2b87da&#8220; background_color_gradient_end=&#8220;#29c4a9&#8243; background_color_gradient_type=&#8220;linear&#8220; background_color_gradient_direction=&#8220;180deg&#8220; background_color_gradient_direction_radial=&#8220;center&#8220; background_color_gradient_start_position=&#8220;0%&#8220; background_color_gradient_end_position=&#8220;100%&#8220; background_color_gradient_overlays_image=&#8220;off&#8220; parallax=&#8220;off&#8220; parallax_method=&#8220;on&#8220; background_size=&#8220;cover&#8220; background_position=&#8220;center&#8220; background_repeat=&#8220;no-repeat&#8220; background_blend=&#8220;normal&#8220; allow_player_pause=&#8220;off&#8220; background_video_pause_outside_viewport=&#8220;on&#8220; custom_padding=&#8220;15px|15px|15px|15px&#8220; custom_padding_tablet=&#8220;15px|15px|15px|15px&#8220; custom_padding_phone=&#8220;15px|15px|15px|15px&#8220; box_shadow_style=&#8220;none&#8220;] RSS [\/et_pb_social_media_follow_network][\/et_pb_social_media_follow][\/et_pb_column][\/et_pb_row][\/et_pb_section]<\/p>\n","protected":false},"excerpt":{"rendered":"<p>beschlie\u00dft, dass die ABG Frankfurt Holding im Wohnungsneubau ab dem 01.09.2019 zu 100% gef\u00f6rderten Wohnraum f\u00fcr geringe und mittlere Einkommensschichten schafft; beschlie\u00dft, dass die Mieten bei der ABG Frankfurt Holding ab dem 01.09.2019 f\u00fcr alle Bestandsmieterinnen und -mieter, die vom Einkommen her Anspruch auf eine Sozialwohnung haben, jedoch eine h\u00f6here Miete zahlen, auf maximal 6,50 [&hellip;]<\/p>\n","protected":false},"author":1,"featured_media":0,"parent":0,"menu_order":0,"comment_status":"closed","ping_status":"closed","template":"","meta":{"_et_pb_use_builder":"on","_et_pb_old_content":"","_et_gb_content_width":""},"post_mailing_queue_ids":[],"_links":{"self":[{"href":"https:\/\/mietentscheid-frankfurt.de\/index.php?rest_route=\/wp\/v2\/pages\/323"}],"collection":[{"href":"https:\/\/mietentscheid-frankfurt.de\/index.php?rest_route=\/wp\/v2\/pages"}],"about":[{"href":"https:\/\/mietentscheid-frankfurt.de\/index.php?rest_route=\/wp\/v2\/types\/page"}],"author":[{"embeddable":true,"href":"https:\/\/mietentscheid-frankfurt.de\/index.php?rest_route=\/wp\/v2\/users\/1"}],"replies":[{"embeddable":true,"href":"https:\/\/mietentscheid-frankfurt.de\/index.php?rest_route=%2Fwp%2Fv2%2Fcomments&post=323"}],"version-history":[{"count":46,"href":"https:\/\/mietentscheid-frankfurt.de\/index.php?rest_route=\/wp\/v2\/pages\/323\/revisions"}],"predecessor-version":[{"id":1818,"href":"https:\/\/mietentscheid-frankfurt.de\/index.php?rest_route=\/wp\/v2\/pages\/323\/revisions\/1818"}],"wp:attachment":[{"href":"https:\/\/mietentscheid-frankfurt.de\/index.php?rest_route=%2Fwp%2Fv2%2Fmedia&parent=323"}],"curies":[{"name":"wp","href":"https:\/\/api.w.org\/{rel}","templated":true}]}}